{"id":14,"date":"2014-05-18T21:51:31","date_gmt":"2014-05-18T19:51:31","guid":{"rendered":"http:\/\/zielonezacisze.org.pl\/?page_id=14"},"modified":"2014-07-17T20:43:55","modified_gmt":"2014-07-17T18:43:55","slug":"misja","status":"publish","type":"page","link":"https:\/\/zielonezacisze.org.pl\/?page_id=14","title":{"rendered":"Misja"},"content":{"rendered":"<p style=\"color: #858585;\">Stowarzyszenie Mieszka\u0144c\u00f3w &#8222;Zielone Zacisze&#8221; powsta\u0142o aby:<\/p>\n<p style=\"color: #858585;\">&#8211; pobudza\u0107 inicjatyw\u0119 mieszka\u0144c\u00f3w dla zapewnienia wszechstronnego rozwoju spo\u0142ecznego, kulturalnego i gospodarczego;<\/p>\n<p style=\"color: #858585;\">&#8211; piel\u0119gnowa\u0107 tradycj\u0119 i histori\u0119 Osiedla &#8222;Zielone Zacisze&#8221; oraz okolicy;<\/p>\n<p style=\"color: #858585;\">&#8211; chroni\u0107 warto\u015bci kulturowe, krajobrazowe, urbanistyczne oraz \u015brodowiska naturalnego obszaru Osiedla i okolic przy wsp\u00f3\u0142dzia\u0142aniu z organami administracji pa\u0144stwowej, samorz\u0105dowej i instytucjami spo\u0142ecznymi oraz prywatnymi.<\/p>\n","protected":false},"excerpt":{"rendered":"<p>Stowarzyszenie Mieszka\u0144c\u00f3w &#8222;Zielone Zacisze&#8221; powsta\u0142o aby: &#8211; pobudza\u0107 inicjatyw\u0119 mieszka\u0144c\u00f3w dla zapewnienia wszechstronnego rozwoju spo\u0142ecznego, kulturalnego i gospodarczego; &#8211; piel\u0119gnowa\u0107 tradycj\u0119 i histori\u0119 Osiedla &#8222;Zielone Zacisze&#8221; oraz okolicy; &#8211; chroni\u0107 warto\u015bci kulturowe, krajobrazowe, urbanistyczne oraz \u015brodowiska naturalnego obszaru Osiedla i okolic przy wsp\u00f3\u0142dzia\u0142aniu z organami administracji pa\u0144stwowej, samorz\u0105dowej i instytucjami spo\u0142ecznymi oraz prywatnymi.<\/p>\n","protected":false},"author":1,"featured_media":0,"parent":12,"menu_order":0,"comment_status":"closed","ping_status":"closed","template":"","meta":{"footnotes":""},"class_list":["post-14","page","type-page","status-publish","hentry"],"_links":{"self":[{"href":"https:\/\/zielonezacisze.org.pl\/index.php?rest_route=\/wp\/v2\/pages\/14","targetHints":{"allow":["GET"]}}],"collection":[{"href":"https:\/\/zielonezacisze.org.pl\/index.php?rest_route=\/wp\/v2\/pages"}],"about":[{"href":"https:\/\/zielonezacisze.org.pl\/index.php?rest_route=\/wp\/v2\/types\/page"}],"author":[{"embeddable":true,"href":"https:\/\/zielonezacisze.org.pl\/index.php?rest_route=\/wp\/v2\/users\/1"}],"replies":[{"embeddable":true,"href":"https:\/\/zielonezacisze.org.pl\/index.php?rest_route=%2Fwp%2Fv2%2Fcomments&post=14"}],"version-history":[{"count":2,"href":"https:\/\/zielonezacisze.org.pl\/index.php?rest_route=\/wp\/v2\/pages\/14\/revisions"}],"predecessor-version":[{"id":150,"href":"https:\/\/zielonezacisze.org.pl\/index.php?rest_route=\/wp\/v2\/pages\/14\/revisions\/150"}],"up":[{"embeddable":true,"href":"https:\/\/zielonezacisze.org.pl\/index.php?rest_route=\/wp\/v2\/pages\/12"}],"wp:attachment":[{"href":"https:\/\/zielonezacisze.org.pl\/index.php?rest_route=%2Fwp%2Fv2%2Fmedia&parent=14"}],"curies":[{"name":"wp","href":"https:\/\/api.w.org\/{rel}","templated":true}]}}