{"id":18,"date":"2014-05-18T21:51:58","date_gmt":"2014-05-18T19:51:58","guid":{"rendered":"http:\/\/zielonezacisze.org.pl\/?page_id=18"},"modified":"2025-12-30T12:41:53","modified_gmt":"2025-12-30T11:41:53","slug":"wladze","status":"publish","type":"page","link":"https:\/\/zielonezacisze.org.pl\/?page_id=18","title":{"rendered":"W\u0142adze"},"content":{"rendered":"<div style=\"color: #858585;\">\u00a0<\/div>\n<table style=\"color: #858585;\" border=\"0\" cellspacing=\"0\" cellpadding=\"0\">\n<tbody>\n<tr>\n<td colspan=\"2\" valign=\"top\" width=\"675\"><strong>Zarz\u0105d Stowarzyszenia Mieszka\u0144c\u00f3w \u201eZielone Zacisze\u201d<\/strong><\/td>\n<\/tr>\n<tr>\n<td valign=\"top\">Urszula Ma\u015blanka<\/td>\n<\/tr>\n<tr>\n<td valign=\"top\">El\u017cbieta Sylwestrzak-Kowalska<\/td>\n<\/tr>\n<\/tbody>\n<\/table>\n<table style=\"color: #858585;\" border=\"0\" cellspacing=\"0\" cellpadding=\"0\">\n<tbody>\n<tr>\n<td colspan=\"2\" valign=\"top\" width=\"675\"><strong>Komisja Rewizyjna<\/strong><\/td>\n<\/tr>\n<tr>\n<td valign=\"top\">Marcin Ko\u0142acz<\/td>\n<\/tr>\n<tr>\n<td valign=\"top\">Krzysztof Kunowski<\/td>\n<\/tr>\n<\/tbody>\n<\/table>\n<table style=\"color: #858585;\" border=\"0\">\n<tbody>\n<tr>\n<td>\u00a0<\/td>\n<td>\u00a0<\/td>\n<\/tr>\n<tr>\n<td><span style=\"color: #222222;\">Stosowne dokumenty z\u0142o\u017cono w KRS w celu aktualizacji wpisu.<\/span><\/td>\n<td>\u00a0<\/td>\n<\/tr>\n<\/tbody>\n<\/table>\n\n\n<p><\/p>\n","protected":false},"excerpt":{"rendered":"<p>\u00a0 Zarz\u0105d Stowarzyszenia Mieszka\u0144c\u00f3w \u201eZielone Zacisze\u201d Urszula Ma\u015blanka El\u017cbieta Sylwestrzak-Kowalska Komisja Rewizyjna Marcin Ko\u0142acz Krzysztof Kunowski \u00a0 \u00a0 Stosowne dokumenty z\u0142o\u017cono w KRS w celu aktualizacji wpisu. \u00a0<\/p>\n","protected":false},"author":1,"featured_media":0,"parent":12,"menu_order":0,"comment_status":"open","ping_status":"open","template":"","meta":{"footnotes":""},"class_list":["post-18","page","type-page","status-publish","hentry"],"_links":{"self":[{"href":"https:\/\/zielonezacisze.org.pl\/index.php?rest_route=\/wp\/v2\/pages\/18","targetHints":{"allow":["GET"]}}],"collection":[{"href":"https:\/\/zielonezacisze.org.pl\/index.php?rest_route=\/wp\/v2\/pages"}],"about":[{"href":"https:\/\/zielonezacisze.org.pl\/index.php?rest_route=\/wp\/v2\/types\/page"}],"author":[{"embeddable":true,"href":"https:\/\/zielonezacisze.org.pl\/index.php?rest_route=\/wp\/v2\/users\/1"}],"replies":[{"embeddable":true,"href":"https:\/\/zielonezacisze.org.pl\/index.php?rest_route=%2Fwp%2Fv2%2Fcomments&post=18"}],"version-history":[{"count":9,"href":"https:\/\/zielonezacisze.org.pl\/index.php?rest_route=\/wp\/v2\/pages\/18\/revisions"}],"predecessor-version":[{"id":434,"href":"https:\/\/zielonezacisze.org.pl\/index.php?rest_route=\/wp\/v2\/pages\/18\/revisions\/434"}],"up":[{"embeddable":true,"href":"https:\/\/zielonezacisze.org.pl\/index.php?rest_route=\/wp\/v2\/pages\/12"}],"wp:attachment":[{"href":"https:\/\/zielonezacisze.org.pl\/index.php?rest_route=%2Fwp%2Fv2%2Fmedia&parent=18"}],"curies":[{"name":"wp","href":"https:\/\/api.w.org\/{rel}","templated":true}]}}