{"id":20,"date":"2014-05-18T21:52:10","date_gmt":"2014-05-18T19:52:10","guid":{"rendered":"http:\/\/zielonezacisze.org.pl\/?page_id=20"},"modified":"2024-07-25T10:50:56","modified_gmt":"2024-07-25T08:50:56","slug":"dokumenty","status":"publish","type":"page","link":"https:\/\/zielonezacisze.org.pl\/?page_id=20","title":{"rendered":"Dokumenty"},"content":{"rendered":"<p><a href=\"https:\/\/zielonezacisze.org.pl\/?p=337\">Sprawozdanie merytoryczne z dzia\u0142alno\u015bci Stowarzyszenia Mieszka\u0144c\u00f3w \u201eZielone Zacisze\u201d za rok 2020<\/a><\/p>\n<p><a href=\"https:\/\/zielonezacisze.org.pl\/?p=311\" data-wplink-edit=\"true\">Sprawozdanie merytoryczne z dzia\u0142alno\u015bci Stowarzyszenia Mieszka\u0144c\u00f3w \u201eZielone Zacisze\u201d za rok 2019<\/a><\/p>\n<p><a href=\"https:\/\/zielonezacisze.org.pl\/?p=180\">Sprawozdanie Zarz\u0105du ZZ za kadencje XII 2011 \u2013 I 2014<\/a><\/p>\n<p><a href=\"https:\/\/zielonezacisze.org.pl\/?p=184\">Komunikat Walne zebranie 14.01.2014<\/a><\/p>\n<p><a href=\"https:\/\/zielonezacisze.org.pl\/wp-content\/uploads\/2014\/05\/Informacja-og\u00f3lna-nt-statusu-dzia\u0142ki-D-Zielone-Zacisze-do-dalszej-ekspe....pdf\">Informacja og\u00f3lna nt statusu dzia\u0142ki D Zielone Zacisze<\/a><\/p>\n<p><a href=\"https:\/\/zielonezacisze.org.pl\/wp-content\/uploads\/2024\/07\/Sprawozdanie-z-dzialaln-2023.pdf\">Sprawozdanie merytoryczne z dzia\u0142alno\u015bci Stowarzyszenia Mieszka\u0144c\u00f3w \u201eZielone Zacisze\u201d za rok 2023<\/a><\/p>\n<p><a href=\"https:\/\/zielonezacisze.org.pl\/wp-content\/uploads\/2024\/07\/Sprawozdanie-finansowe-2023.pdf\">Sprawozdanie finansowe z dzia\u0142alno\u015bci Stowarzyszenia Mieszka\u0144c\u00f3w \u201eZielone Zacisze\u201d za rok 2023<\/a><\/p>\n<p>\u00a0<\/p>\n<p>\u00a0<\/p>\n","protected":false},"excerpt":{"rendered":"<p>Sprawozdanie merytoryczne z dzia\u0142alno\u015bci Stowarzyszenia Mieszka\u0144c\u00f3w \u201eZielone Zacisze\u201d za rok 2020 Sprawozdanie merytoryczne z dzia\u0142alno\u015bci Stowarzyszenia Mieszka\u0144c\u00f3w \u201eZielone Zacisze\u201d za rok 2019 Sprawozdanie Zarz\u0105du ZZ za kadencje XII 2011 \u2013 I 2014 Komunikat Walne zebranie 14.01.2014 Informacja og\u00f3lna nt statusu dzia\u0142ki D Zielone Zacisze Sprawozdanie merytoryczne z dzia\u0142alno\u015bci Stowarzyszenia Mieszka\u0144c\u00f3w \u201eZielone Zacisze\u201d za rok 2023\u2026 <span class=\"read-more\"><a href=\"https:\/\/zielonezacisze.org.pl\/?page_id=20\">Dowiedz si\u0119 wi\u0119cej &raquo;<\/a><\/span><\/p>\n","protected":false},"author":1,"featured_media":0,"parent":12,"menu_order":0,"comment_status":"closed","ping_status":"closed","template":"","meta":{"footnotes":""},"class_list":["post-20","page","type-page","status-publish","hentry"],"_links":{"self":[{"href":"https:\/\/zielonezacisze.org.pl\/index.php?rest_route=\/wp\/v2\/pages\/20","targetHints":{"allow":["GET"]}}],"collection":[{"href":"https:\/\/zielonezacisze.org.pl\/index.php?rest_route=\/wp\/v2\/pages"}],"about":[{"href":"https:\/\/zielonezacisze.org.pl\/index.php?rest_route=\/wp\/v2\/types\/page"}],"author":[{"embeddable":true,"href":"https:\/\/zielonezacisze.org.pl\/index.php?rest_route=\/wp\/v2\/users\/1"}],"replies":[{"embeddable":true,"href":"https:\/\/zielonezacisze.org.pl\/index.php?rest_route=%2Fwp%2Fv2%2Fcomments&post=20"}],"version-history":[{"count":10,"href":"https:\/\/zielonezacisze.org.pl\/index.php?rest_route=\/wp\/v2\/pages\/20\/revisions"}],"predecessor-version":[{"id":404,"href":"https:\/\/zielonezacisze.org.pl\/index.php?rest_route=\/wp\/v2\/pages\/20\/revisions\/404"}],"up":[{"embeddable":true,"href":"https:\/\/zielonezacisze.org.pl\/index.php?rest_route=\/wp\/v2\/pages\/12"}],"wp:attachment":[{"href":"https:\/\/zielonezacisze.org.pl\/index.php?rest_route=%2Fwp%2Fv2%2Fmedia&parent=20"}],"curies":[{"name":"wp","href":"https:\/\/api.w.org\/{rel}","templated":true}]}}