{"id":28,"date":"2014-05-18T21:53:09","date_gmt":"2014-05-18T19:53:09","guid":{"rendered":"http:\/\/zielonezacisze.org.pl\/?page_id=28"},"modified":"2014-09-16T11:10:27","modified_gmt":"2014-09-16T09:10:27","slug":"dolacz-do-nas","status":"publish","type":"page","link":"https:\/\/zielonezacisze.org.pl\/?page_id=28","title":{"rendered":"Do\u0142\u0105cz do nas"},"content":{"rendered":"<p style=\"color: #858585;\">Stowarzyszenie Mieszka\u0144c\u00f3w &#8222;Zielone Zacisze&#8221; zaprasza do swojego grona!<br \/>\nCzekamy na osoby, kt\u00f3re czuj\u0105 w sobie nutk\u0119 spo\u0142ecznika, chc\u0105 budowa\u0107 pozytywny wizerunek Osiedla, organizowa\u0107 akcje spo\u0142eczne maj\u0105ce na celu podniesienie estetyki osiedla, dzia\u0142a\u0107 na rzecz integracji \u015brodowiskowej.<\/p>\n<p style=\"color: #858585;\">Aby zosta\u0107 cz\u0142onkiem Stowarzyszenia nale\u017cy wype\u0142ni\u0107\u00a0deklaracj\u0119 cz\u0142onkowsk\u0105\u00a0i dostarczy\u0107 j\u0105 do przedstawiciela Zarz\u0105du,najlepiej podczas dy\u017curu. Zarz\u0105d Stowarzysznia odbywa posiedzenia raz w miesi\u0105cu w pomieszczeniu Wsp\u00f3lnoty B. Osoby zainteresowane uczestnictwem prosimy o kontakt mailowy, podamy dat\u0119 najbli\u017cszego spotkania.<\/p>\n<p style=\"color: #858585;\">Z przyjemno\u015bci\u0105 odpowiemy na Wasze maile:\u00a0<a style=\"color: #8fbc03;\" href=\"mailto:biuro@zielonezacisze.org.pl\">biuro@zielonezacisze.org.pl<\/a><\/p>\n","protected":false},"excerpt":{"rendered":"<p>Stowarzyszenie Mieszka\u0144c\u00f3w &#8222;Zielone Zacisze&#8221; zaprasza do swojego grona! Czekamy na osoby, kt\u00f3re czuj\u0105 w sobie nutk\u0119 spo\u0142ecznika, chc\u0105 budowa\u0107 pozytywny wizerunek Osiedla, organizowa\u0107 akcje spo\u0142eczne maj\u0105ce na celu podniesienie estetyki osiedla, dzia\u0142a\u0107 na rzecz integracji \u015brodowiskowej. Aby zosta\u0107 cz\u0142onkiem Stowarzyszenia nale\u017cy wype\u0142ni\u0107\u00a0deklaracj\u0119 cz\u0142onkowsk\u0105\u00a0i dostarczy\u0107 j\u0105 do przedstawiciela Zarz\u0105du,najlepiej podczas dy\u017curu. Zarz\u0105d Stowarzysznia odbywa posiedzenia raz\u2026 <span class=\"read-more\"><a href=\"https:\/\/zielonezacisze.org.pl\/?page_id=28\">Dowiedz si\u0119 wi\u0119cej &raquo;<\/a><\/span><\/p>\n","protected":false},"author":1,"featured_media":0,"parent":0,"menu_order":5,"comment_status":"closed","ping_status":"closed","template":"","meta":{"footnotes":""},"class_list":["post-28","page","type-page","status-publish","hentry"],"_links":{"self":[{"href":"https:\/\/zielonezacisze.org.pl\/index.php?rest_route=\/wp\/v2\/pages\/28","targetHints":{"allow":["GET"]}}],"collection":[{"href":"https:\/\/zielonezacisze.org.pl\/index.php?rest_route=\/wp\/v2\/pages"}],"about":[{"href":"https:\/\/zielonezacisze.org.pl\/index.php?rest_route=\/wp\/v2\/types\/page"}],"author":[{"embeddable":true,"href":"https:\/\/zielonezacisze.org.pl\/index.php?rest_route=\/wp\/v2\/users\/1"}],"replies":[{"embeddable":true,"href":"https:\/\/zielonezacisze.org.pl\/index.php?rest_route=%2Fwp%2Fv2%2Fcomments&post=28"}],"version-history":[{"count":3,"href":"https:\/\/zielonezacisze.org.pl\/index.php?rest_route=\/wp\/v2\/pages\/28\/revisions"}],"predecessor-version":[{"id":196,"href":"https:\/\/zielonezacisze.org.pl\/index.php?rest_route=\/wp\/v2\/pages\/28\/revisions\/196"}],"wp:attachment":[{"href":"https:\/\/zielonezacisze.org.pl\/index.php?rest_route=%2Fwp%2Fv2%2Fmedia&parent=28"}],"curies":[{"name":"wp","href":"https:\/\/api.w.org\/{rel}","templated":true}]}}